{"id":110,"date":"2016-02-19T10:41:34","date_gmt":"2016-02-19T10:41:34","guid":{"rendered":"http:\/\/memoriaaine2015.ingenierosnavales.com\/?page_id=110"},"modified":"2018-07-26T12:53:42","modified_gmt":"2018-07-26T12:53:42","slug":"memoria-economica","status":"publish","type":"page","link":"https:\/\/memoriaaine2015.ingenierosnavales.com\/?page_id=110","title":{"rendered":"Memoria econ\u00f3mica"},"content":{"rendered":"<p><iframe loading=\"lazy\" src=\"https:\/\/docs.google.com\/spreadsheets\/d\/1x-IYqhSpbqQI7TgqzXDNOBnjRVVyY6_wIo8Wn5EXydI\/pubchart?oid=167103153&amp;format=interactive\" width=\"900\" height=\"500\" frameborder=\"0\" scrolling=\"no\" seamless=\"\"><\/iframe><\/p>\n<p><iframe loading=\"lazy\" src=\"https:\/\/docs.google.com\/spreadsheets\/d\/1x-IYqhSpbqQI7TgqzXDNOBnjRVVyY6_wIo8Wn5EXydI\/pubchart?oid=227317590&amp;format=interactive\" width=\"900\" height=\"500\" frameborder=\"0\" scrolling=\"no\" seamless=\"\"><\/iframe><\/p>\n<p><iframe loading=\"lazy\" src=\"https:\/\/docs.google.com\/spreadsheets\/d\/1x-IYqhSpbqQI7TgqzXDNOBnjRVVyY6_wIo8Wn5EXydI\/pubchart?oid=538569540&amp;format=interactive\" width=\"900\" height=\"500\" frameborder=\"0\" scrolling=\"no\" seamless=\"\"><\/iframe><\/p>\n<p><iframe loading=\"lazy\" src=\"https:\/\/docs.google.com\/spreadsheets\/d\/1x-IYqhSpbqQI7TgqzXDNOBnjRVVyY6_wIo8Wn5EXydI\/pubchart?oid=1207287185&amp;format=interactive\" width=\"900\" height=\"500\" frameborder=\"0\" scrolling=\"no\" seamless=\"\"><\/iframe><\/p>\n<table>\n<tbody>\n<tr>\n<td><iframe loading=\"lazy\" src=\"https:\/\/docs.google.com\/spreadsheets\/d\/1x-IYqhSpbqQI7TgqzXDNOBnjRVVyY6_wIo8Wn5EXydI\/pubchart?oid=745987312&amp;format=interactive\" width=\"426\" height=\"318\" frameborder=\"0\" scrolling=\"no\" seamless=\"\"><\/iframe><\/td>\n<td><iframe loading=\"lazy\" src=\"https:\/\/docs.google.com\/spreadsheets\/d\/1x-IYqhSpbqQI7TgqzXDNOBnjRVVyY6_wIo8Wn5EXydI\/pubchart?oid=1960385436&amp;format=interactive\" width=\"426\" height=\"318\" frameborder=\"0\" scrolling=\"no\" seamless=\"\"><\/iframe><\/td>\n<\/tr>\n<tr>\n<td><iframe loading=\"lazy\" src=\"https:\/\/docs.google.com\/spreadsheets\/d\/1x-IYqhSpbqQI7TgqzXDNOBnjRVVyY6_wIo8Wn5EXydI\/pubchart?oid=324324194&amp;format=interactive\" width=\"426\" height=\"318\" frameborder=\"0\" scrolling=\"no\" seamless=\"\"><\/iframe><\/td>\n<td><iframe loading=\"lazy\" src=\"https:\/\/docs.google.com\/spreadsheets\/d\/1x-IYqhSpbqQI7TgqzXDNOBnjRVVyY6_wIo8Wn5EXydI\/pubchart?oid=326152147&amp;format=interactive\" width=\"426\" height=\"318\" frameborder=\"0\" scrolling=\"no\" seamless=\"\"><\/iframe><\/td>\n<\/tr>\n<tr>\n<td><iframe loading=\"lazy\" src=\"https:\/\/docs.google.com\/spreadsheets\/d\/1x-IYqhSpbqQI7TgqzXDNOBnjRVVyY6_wIo8Wn5EXydI\/pubchart?oid=137188748&amp;format=interactive\" width=\"426\" height=\"318\" frameborder=\"0\" scrolling=\"no\" seamless=\"\"><\/iframe><\/td>\n<td><iframe loading=\"lazy\" src=\"https:\/\/docs.google.com\/spreadsheets\/d\/1x-IYqhSpbqQI7TgqzXDNOBnjRVVyY6_wIo8Wn5EXydI\/pubchart?oid=1498461971&amp;format=interactive\" width=\"426\" height=\"318\" frameborder=\"0\" scrolling=\"no\" seamless=\"\"><\/iframe><\/td>\n<\/tr>\n<\/tbody>\n<\/table>\n<p><strong>Memoria de la Cuentas Anuales del a\u00f1o 2015 de la Asociaci\u00f3n de Ingenieros Navales y Oce\u00e1nicos de Espa\u00f1a.<\/strong><\/p>\n<p><a href=\"https:\/\/memoriaaine2015.ingenierosnavales.com\/wp-content\/uploads\/2016\/02\/Cuentas-Anuales-AINE-2015.pdf\" target=\"_blank\" rel=\"noopener\">Cuentas Anuales AINE 2015<\/a><\/p>\n<p><strong>Presupuesto 2016 de la Asociaci\u00f3n de Ingenieros Navales y Oce\u00e1nicos de Espa\u00f1a<\/strong><\/p>\n<p><a href=\"https:\/\/memoriaaine2015.ingenierosnavales.com\/wp-content\/uploads\/2016\/02\/Presu2016AINE.pdf\" target=\"_blank\" rel=\"noopener\">Presupuesto AINE 2016<\/a><\/p>\n","protected":false},"excerpt":{"rendered":"<p>Memoria de la Cuentas Anuales del a\u00f1o 2015 de la Asociaci\u00f3n de Ingenieros Navales y Oce\u00e1nicos de Espa\u00f1a. Cuentas Anuales AINE 2015 Presupuesto 2016 de la Asociaci\u00f3n de Ingenieros Navales y Oce\u00e1nicos de Espa\u00f1a Presupuesto AINE 2016<\/p>\n","protected":false},"author":1,"featured_media":226,"parent":0,"menu_order":0,"comment_status":"closed","ping_status":"closed","template":"","meta":{"footnotes":""},"class_list":["post-110","page","type-page","status-publish","has-post-thumbnail","czr-hentry"],"_links":{"self":[{"href":"https:\/\/memoriaaine2015.ingenierosnavales.com\/index.php?rest_route=\/wp\/v2\/pages\/110","targetHints":{"allow":["GET"]}}],"collection":[{"href":"https:\/\/memoriaaine2015.ingenierosnavales.com\/index.php?rest_route=\/wp\/v2\/pages"}],"about":[{"href":"https:\/\/memoriaaine2015.ingenierosnavales.com\/index.php?rest_route=\/wp\/v2\/types\/page"}],"author":[{"embeddable":true,"href":"https:\/\/memoriaaine2015.ingenierosnavales.com\/index.php?rest_route=\/wp\/v2\/users\/1"}],"replies":[{"embeddable":true,"href":"https:\/\/memoriaaine2015.ingenierosnavales.com\/index.php?rest_route=%2Fwp%2Fv2%2Fcomments&post=110"}],"version-history":[{"count":1,"href":"https:\/\/memoriaaine2015.ingenierosnavales.com\/index.php?rest_route=\/wp\/v2\/pages\/110\/revisions"}],"predecessor-version":[{"id":592,"href":"https:\/\/memoriaaine2015.ingenierosnavales.com\/index.php?rest_route=\/wp\/v2\/pages\/110\/revisions\/592"}],"wp:featuredmedia":[{"embeddable":true,"href":"https:\/\/memoriaaine2015.ingenierosnavales.com\/index.php?rest_route=\/wp\/v2\/media\/226"}],"wp:attachment":[{"href":"https:\/\/memoriaaine2015.ingenierosnavales.com\/index.php?rest_route=%2Fwp%2Fv2%2Fmedia&parent=110"}],"curies":[{"name":"wp","href":"https:\/\/api.w.org\/{rel}","templated":true}]}}