{"id":267,"date":"2016-02-26T11:21:12","date_gmt":"2016-02-26T11:21:12","guid":{"rendered":"http:\/\/memoriaaine2015.ingenierosnavales.com\/?page_id=267"},"modified":"2016-02-26T11:21:12","modified_gmt":"2016-02-26T11:21:12","slug":"resumen-de-actividades-2","status":"publish","type":"page","link":"https:\/\/memoriaaine2015.ingenierosnavales.com\/?page_id=267","title":{"rendered":"Resumen de actividades"},"content":{"rendered":"<p><img loading=\"lazy\" decoding=\"async\" class=\"alignleft wp-image-472 size-medium\" src=\"https:\/\/memoriaaine2015a.ingenierosnavales.com\/wp-content\/uploads\/2016\/02\/boat-1449179-639x852-225x300.jpg\" alt=\"yate\" width=\"225\" height=\"300\" srcset=\"https:\/\/memoriaaine2015.ingenierosnavales.com\/wp-content\/uploads\/2016\/02\/boat-1449179-639x852-225x300.jpg 225w, https:\/\/memoriaaine2015.ingenierosnavales.com\/wp-content\/uploads\/2016\/02\/boat-1449179-639x852.jpg 639w\" sizes=\"auto, (max-width: 225px) 100vw, 225px\" \/><\/p>\n<ul>\n<li><a href=\"http:\/\/memoriaaine2015.ingenierosnavales.com\/?p=16\">Plan de Comunicaci\u00f3n<\/a><\/li>\n<li>Relaciones con otras instituciones\n<ul>\n<li><a href=\"http:\/\/memoriaaine2015.ingenierosnavales.com\/comites-iies\/\">Instituto de la ingenier\u00eda de Espa\u00f1a (IIE)<\/a><\/li>\n<\/ul>\n<\/li>\n<li><a href=\"http:\/\/memoriacoin2015.ingenierosnavales.com\/informe-de-actividad-de-la-fundacion-ingeniero-jorge-juan-2015\/\" target=\"_blank\">Fundaci\u00f3n Ingeniero Jorge Juan<\/a><\/li>\n<li><a href=\"http:\/\/memoriaaine2015.ingenierosnavales.com\/?page_id=164\">Actos conmemorativos de la Virgen del Carmen<\/a><\/li>\n<li><a href=\"http:\/\/memoriaaine2015.ingenierosnavales.com\/jornadas-tecnicas\/\">Jornadas T\u00e9cnicas<\/a><\/li>\n<\/ul>\n","protected":false},"excerpt":{"rendered":"<p>Plan de Comunicaci\u00f3n Relaciones con otras instituciones Instituto de la ingenier\u00eda de Espa\u00f1a (IIE) Fundaci\u00f3n Ingeniero Jorge Juan Actos conmemorativos de la Virgen del Carmen Jornadas T\u00e9cnicas<\/p>\n","protected":false},"author":1,"featured_media":0,"parent":0,"menu_order":0,"comment_status":"closed","ping_status":"closed","template":"","meta":{"footnotes":""},"class_list":["post-267","page","type-page","status-publish","czr-hentry"],"_links":{"self":[{"href":"https:\/\/memoriaaine2015.ingenierosnavales.com\/index.php?rest_route=\/wp\/v2\/pages\/267","targetHints":{"allow":["GET"]}}],"collection":[{"href":"https:\/\/memoriaaine2015.ingenierosnavales.com\/index.php?rest_route=\/wp\/v2\/pages"}],"about":[{"href":"https:\/\/memoriaaine2015.ingenierosnavales.com\/index.php?rest_route=\/wp\/v2\/types\/page"}],"author":[{"embeddable":true,"href":"https:\/\/memoriaaine2015.ingenierosnavales.com\/index.php?rest_route=\/wp\/v2\/users\/1"}],"replies":[{"embeddable":true,"href":"https:\/\/memoriaaine2015.ingenierosnavales.com\/index.php?rest_route=%2Fwp%2Fv2%2Fcomments&post=267"}],"version-history":[{"count":0,"href":"https:\/\/memoriaaine2015.ingenierosnavales.com\/index.php?rest_route=\/wp\/v2\/pages\/267\/revisions"}],"wp:attachment":[{"href":"https:\/\/memoriaaine2015.ingenierosnavales.com\/index.php?rest_route=%2Fwp%2Fv2%2Fmedia&parent=267"}],"curies":[{"name":"wp","href":"https:\/\/api.w.org\/{rel}","templated":true}]}}